{"id":1519,"date":"2024-11-23T23:25:03","date_gmt":"2024-11-23T22:25:03","guid":{"rendered":"http:\/\/www.lesanglaisesontlacote.org\/?page_id=1519"},"modified":"2026-01-23T19:00:17","modified_gmt":"2026-01-23T18:00:17","slug":"les-lauriers-roses","status":"publish","type":"page","link":"https:\/\/www.lesanglaisesontlacote.org\/?page_id=1519","title":{"rendered":"3. Les lauriers roses"},"content":{"rendered":"\n<figure class=\"wp-block-image size-full\"><a href=\"http:\/\/www.lesanglaisesontlacote.org\/wp-content\/uploads\/2024\/11\/Les-lauriers-roses.png\"><img loading=\"lazy\" decoding=\"async\" width=\"155\" height=\"143\" src=\"http:\/\/www.lesanglaisesontlacote.org\/wp-content\/uploads\/2024\/11\/Les-lauriers-roses.png\" alt=\"\" class=\"wp-image-1520\"\/><\/a><\/figure>\n\n\n\n<p>Les manifestations organis\u00e9es par Les Anglaises Ont la C\u00f4te sont solidaires. Nous avons besoin de votre participation active \u00e0 la <strong>TOMBOLA <\/strong>organis\u00e9e en faveur de l&rsquo;association Les Lauriers Roses. Les tickets sont au prix de <strong>10\u20ac l&rsquo;unit\u00e9<\/strong>. De superbes lots de notre partenaire <a href=\"https:\/\/domaineloucapelan.com\/\">Vins de Bandol <\/a> sont \u00e0 gagner.<\/p>\n\n\n\n<p><strong>Cet \u00e9tablissement pour Enfants et Adolescents Polyhandicap\u00e9s<\/strong>&nbsp;(EEAP) accueille et accompagne des enfants avec polyhandicap \u2013&nbsp;<em>association d\u2019une d\u00e9ficience mentale grave et d\u2019une d\u00e9ficience motrice importante entra\u00eenant une r\u00e9duction notable de l\u2019autonomie<\/em>\u2013 .<\/p>\n\n\n\n<p><a href=\"https:\/\/les-enfants-des-lauriers-roses.fr\/qui-sommes-nous\" target=\"_blank\" rel=\"noreferrer noopener\"><strong>L\u2019EEAP Les Lauriers Roses<\/strong><\/a>&nbsp;se distingue dans le d\u00e9veloppement et l\u2019\u00e9veil&nbsp;<strong>du tout petit<\/strong>&nbsp;et se caract\u00e9rise par la&nbsp;<strong>pr\u00e9sence continue de<\/strong>&nbsp;<strong>soignants&nbsp;<\/strong>dans l\u2019accompagnement de l\u2019enfant.<\/p>\n\n\n\n<p>En 2023, vous avez ainsi permis un don de <strong>mille-vingt-deux euros et cinquante centimes<\/strong>, que notre pr\u00e9sident a remis directement \u00e0 la pr\u00e9sidente de l&rsquo;association Les Lauriers Roses lors de la manifestation du 02 juin 2024. En 2024, vous avez permis un don de<strong> huit-cent-soixante-huit euros et soixante centimes<\/strong>. Nous vous en remercions chaleureusement et comptons sur votre g\u00e9n\u00e9rosit\u00e9 l&rsquo;an prochain !<\/p>\n\n\n\n<figure class=\"wp-block-image\"><img loading=\"lazy\" decoding=\"async\" width=\"720\" height=\"540\" src=\"http:\/\/www.lesanglaisesontlacote.org\/wp-content\/uploads\/2024\/11\/2024-lauriers-roses.jpg\" alt=\"\" class=\"wp-image-1524\" srcset=\"https:\/\/www.lesanglaisesontlacote.org\/wp-content\/uploads\/2024\/11\/2024-lauriers-roses.jpg 720w, https:\/\/www.lesanglaisesontlacote.org\/wp-content\/uploads\/2024\/11\/2024-lauriers-roses-300x225.jpg 300w\" sizes=\"(max-width: 720px) 100vw, 720px\" \/><\/figure>\n\n\n\n<p><\/p>\n\n\n\n<figure class=\"wp-block-image size-full\"><a href=\"https:\/\/www.lesanglaisesontlacote.org\/wp-content\/uploads\/2026\/01\/Capture-decran-2026-01-23-185948.jpg\"><img loading=\"lazy\" decoding=\"async\" width=\"1013\" height=\"464\" src=\"https:\/\/www.lesanglaisesontlacote.org\/wp-content\/uploads\/2026\/01\/Capture-decran-2026-01-23-185948.jpg\" alt=\"\" class=\"wp-image-1808\" srcset=\"https:\/\/www.lesanglaisesontlacote.org\/wp-content\/uploads\/2026\/01\/Capture-decran-2026-01-23-185948.jpg 1013w, https:\/\/www.lesanglaisesontlacote.org\/wp-content\/uploads\/2026\/01\/Capture-decran-2026-01-23-185948-300x137.jpg 300w, https:\/\/www.lesanglaisesontlacote.org\/wp-content\/uploads\/2026\/01\/Capture-decran-2026-01-23-185948-768x352.jpg 768w\" sizes=\"(max-width: 1013px) 100vw, 1013px\" \/><\/a><\/figure>\n","protected":false},"excerpt":{"rendered":"<p>Les manifestations organis\u00e9es par Les Anglaises Ont la C\u00f4te sont solidaires. Nous avons besoin de votre participation active \u00e0 la TOMBOLA organis\u00e9e en faveur de l&rsquo;association Les Lauriers Roses. Les tickets sont au prix de 10\u20ac l&rsquo;unit\u00e9. De superbes lots de notre partenaire Vins de Bandol sont \u00e0 gagner. Cet \u00e9tablissement pour Enfants et Adolescents [&hellip;]<\/p>\n","protected":false},"author":1,"featured_media":0,"parent":0,"menu_order":0,"comment_status":"closed","ping_status":"closed","template":"","meta":{"ngg_post_thumbnail":0,"footnotes":""},"_links":{"self":[{"href":"https:\/\/www.lesanglaisesontlacote.org\/index.php?rest_route=\/wp\/v2\/pages\/1519"}],"collection":[{"href":"https:\/\/www.lesanglaisesontlacote.org\/index.php?rest_route=\/wp\/v2\/pages"}],"about":[{"href":"https:\/\/www.lesanglaisesontlacote.org\/index.php?rest_route=\/wp\/v2\/types\/page"}],"author":[{"embeddable":true,"href":"https:\/\/www.lesanglaisesontlacote.org\/index.php?rest_route=\/wp\/v2\/users\/1"}],"replies":[{"embeddable":true,"href":"https:\/\/www.lesanglaisesontlacote.org\/index.php?rest_route=%2Fwp%2Fv2%2Fcomments&post=1519"}],"version-history":[{"count":10,"href":"https:\/\/www.lesanglaisesontlacote.org\/index.php?rest_route=\/wp\/v2\/pages\/1519\/revisions"}],"predecessor-version":[{"id":1809,"href":"https:\/\/www.lesanglaisesontlacote.org\/index.php?rest_route=\/wp\/v2\/pages\/1519\/revisions\/1809"}],"wp:attachment":[{"href":"https:\/\/www.lesanglaisesontlacote.org\/index.php?rest_route=%2Fwp%2Fv2%2Fmedia&parent=1519"}],"curies":[{"name":"wp","href":"https:\/\/api.w.org\/{rel}","templated":true}]}}