{"id":7,"date":"2009-03-01T16:25:41","date_gmt":"2009-03-01T15:25:41","guid":{"rendered":"http:\/\/www.lesanglaisesontlacote.org\/?page_id=7"},"modified":"2024-12-11T15:30:12","modified_gmt":"2024-12-11T14:30:12","slug":"photos","status":"publish","type":"page","link":"http:\/\/www.lesanglaisesontlacote.org\/?page_id=7","title":{"rendered":"2. Photos et Vid\u00e9os"},"content":{"rendered":"<h2 style=\"text-align: center;\"><strong>Revivez \u00ab\u00a0Les Anglaises ont la C\u00f4te\u00a0\u00bb<\/strong><\/h2>\n<h3>01 d\u00e9cembre 2025<\/h3>\n<p style=\"text-align: center;\"><strong>jber83 sur YouTube : <a href=\"https:\/\/www.youtube.com\/@jber83\">VOITURES ANCIENNES A BANDOL VAR CLUB LES AOC<\/a><\/strong><\/p>\n<p style=\"text-align: center;\"><strong>Mary Boniroc<\/strong>k en vid\u00e9o sur YouTube : <a href=\"https:\/\/www.youtube.com\/watch?v=Zgqz5b7SXDA\">MAB BONIROCK<\/a><\/p>\n<h3>&nbsp;<\/h3>\n<h3>02 Juin 2024<\/h3>\n<p style=\"text-align: center;\"><strong>Kxtc Podcast <\/strong>en <strong>photo <\/strong>c&rsquo;est par ici&nbsp;:&nbsp;<a href=\"https:\/\/www.facebook.com\/share\/19ZqUueo8q\/\">https:\/\/www.facebook.com\/share\/19ZqUueo8q\/<\/a><\/p>\n<p style=\"text-align: center;\">et en <strong>vid\u00e9o<\/strong> souvenir c&rsquo;est par l\u00e0 :<\/p>\n<p><iframe loading=\"lazy\" title=\"VOITURES COLLECTION ANGLAISES A BANDOL\" width=\"450\" height=\"253\" src=\"https:\/\/www.youtube.com\/embed\/GS08NLb1Bd4?feature=oembed\" frameborder=\"0\" allow=\"accelerometer; autoplay; clipboard-write; encrypted-media; gyroscope; picture-in-picture; web-share\" referrerpolicy=\"strict-origin-when-cross-origin\" allowfullscreen><\/iframe><\/p>\n<p style=\"text-align: center;\">ou encore par l\u00e0 : <a href=\"https:\/\/www.youtube.com\/watch?v=hbpPsYFQY9U\">Les Anglaises ont la C\u00f4te Bandol Juin 2024 &#8211; Voix off &#8211; YouTube<\/a><\/p>\n<p>&nbsp;<\/p>\n<h3>La premi\u00e8re \u00e9dition de notre \u00e9dition hivernale, le 2 d\u00e9cembre 2023 :<\/h3>\n<p><iframe loading=\"lazy\" title=\"VOITURES ANCIENNES A BANDOL VAR\" width=\"450\" height=\"253\" src=\"https:\/\/www.youtube.com\/embed\/nJwcLQ-1koc?feature=oembed\" frameborder=\"0\" allow=\"accelerometer; autoplay; clipboard-write; encrypted-media; gyroscope; picture-in-picture; web-share\" referrerpolicy=\"strict-origin-when-cross-origin\" allowfullscreen><\/iframe><\/p>\n<h3>&nbsp;<\/h3>\n<h3>R\u00e9union de 28 mai 2023<\/h3>\n<p><iframe loading=\"lazy\" title=\"VOITURES ANGLAISES A BANDOL VAR\" width=\"450\" height=\"253\" src=\"https:\/\/www.youtube.com\/embed\/qeMMy08Cl5k?feature=oembed\" frameborder=\"0\" allow=\"accelerometer; autoplay; clipboard-write; encrypted-media; gyroscope; picture-in-picture; web-share\" referrerpolicy=\"strict-origin-when-cross-origin\" allowfullscreen><\/iframe><\/p>\n<p>&nbsp;<\/p>\n<h1><strong>Un grand merci \u00e0 nos fid\u00e8les reporters :<\/strong><\/h1>\n<p id=\":rkk:\" class=\"html-h2 x11i5rnm xat24cr x1mh8g0r xexx8yu x4uap5 x18d9i69 xkhd6sd x1vvkbs x1heor9g x1qlqyl8 x1pd3egz x1a2a7pz x1gslohp x1yc453h\"><span class=\"xt0psk2\"><a class=\"x1i10hfl xjbqb8w x1ejq31n xd10rxx x1sy0etr x17r0tee x972fbf xcfux6l x1qhh985 xm0m39n x9f619 x1ypdohk xt0psk2 xe8uvvx xdj266r x11i5rnm xat24cr x1mh8g0r xexx8yu x4uap5 x18d9i69 xkhd6sd x16tdsg8 x1hl2dhg xggy1nq x1a2a7pz x1sur9pj xkrqix3 xzsf02u x1s688f\" tabindex=\"0\" role=\"link\" href=\"https:\/\/www.facebook.com\/jose.bermudez.520900?__cft__[0]=AZUwOpvDZcEqF6EzEOo5z7xvfYSbLmeVGXXOl1jNPRJoT0wY2ZJN3JilX5qen48lZwZAroBjRc9C9fiIEW1LeTNUMkHus60QAiucXsyhYO1vwiFj3mstgBwtkZkAer5pUHoV_z35jryifVX4yAyMuAK3Kepn-GweXS2zZHIu6wIkHQ&amp;__tn__=-UC%2CP-R\"><strong class=\"html-strong xdj266r x11i5rnm xat24cr x1mh8g0r xexx8yu x4uap5 x18d9i69 xkhd6sd x1hl2dhg x16tdsg8 x1vvkbs x1s688f\"><span class=\"html-span xdj266r x11i5rnm xat24cr x1mh8g0r xexx8yu x4uap5 x18d9i69 xkhd6sd x1hl2dhg x16tdsg8 x1vvkbs\">Jos\u00e9 Bermudez<\/span><\/strong><\/a> , <a href=\"https:\/\/www.youtube.com\/@jber83\">jber83<\/a>, <a href=\"https:\/\/www.youtube.com\/@mabbonirock2630\">MAB BONIROCK<\/a> et&nbsp;<\/span><\/p>\n\n<div class=\"wp-block-image\">\n<figure class=\"aligncenter size-full\"><a href=\"http:\/\/www.lesanglaisesontlacote.org\/wp-content\/uploads\/2024\/11\/KXTC-Logo-general-Twitter-logo-2.jpg\"><img loading=\"lazy\" decoding=\"async\" width=\"150\" height=\"113\" src=\"http:\/\/www.lesanglaisesontlacote.org\/wp-content\/uploads\/2024\/11\/KXTC-Logo-general-Twitter-logo-2.jpg\" alt=\"\" class=\"wp-image-1534\"\/><\/a><\/figure><\/div>","protected":false},"excerpt":{"rendered":"<p>Revivez \u00ab\u00a0Les Anglaises ont la C\u00f4te\u00a0\u00bb 01 d\u00e9cembre 2025 jber83 sur YouTube : VOITURES ANCIENNES A BANDOL VAR CLUB LES AOC Mary Bonirock en vid\u00e9o sur YouTube : MAB BONIROCK &nbsp; 02 Juin 2024 Kxtc Podcast en photo c&rsquo;est par ici&nbsp;:&nbsp;https:\/\/www.facebook.com\/share\/19ZqUueo8q\/ et en vid\u00e9o souvenir c&rsquo;est par l\u00e0 : ou encore par l\u00e0 : Les [&hellip;]<\/p>\n","protected":false},"author":1,"featured_media":0,"parent":0,"menu_order":0,"comment_status":"closed","ping_status":"open","template":"","meta":{"ngg_post_thumbnail":0,"footnotes":""},"_links":{"self":[{"href":"http:\/\/www.lesanglaisesontlacote.org\/index.php?rest_route=\/wp\/v2\/pages\/7"}],"collection":[{"href":"http:\/\/www.lesanglaisesontlacote.org\/index.php?rest_route=\/wp\/v2\/pages"}],"about":[{"href":"http:\/\/www.lesanglaisesontlacote.org\/index.php?rest_route=\/wp\/v2\/types\/page"}],"author":[{"embeddable":true,"href":"http:\/\/www.lesanglaisesontlacote.org\/index.php?rest_route=\/wp\/v2\/users\/1"}],"replies":[{"embeddable":true,"href":"http:\/\/www.lesanglaisesontlacote.org\/index.php?rest_route=%2Fwp%2Fv2%2Fcomments&post=7"}],"version-history":[{"count":72,"href":"http:\/\/www.lesanglaisesontlacote.org\/index.php?rest_route=\/wp\/v2\/pages\/7\/revisions"}],"predecessor-version":[{"id":1733,"href":"http:\/\/www.lesanglaisesontlacote.org\/index.php?rest_route=\/wp\/v2\/pages\/7\/revisions\/1733"}],"wp:attachment":[{"href":"http:\/\/www.lesanglaisesontlacote.org\/index.php?rest_route=%2Fwp%2Fv2%2Fmedia&parent=7"}],"curies":[{"name":"wp","href":"https:\/\/api.w.org\/{rel}","templated":true}]}}