{"id":225,"date":"2009-09-23T16:15:13","date_gmt":"2009-09-23T15:15:13","guid":{"rendered":"http:\/\/www.lesanglaisesontlacote.org\/?page_id=225"},"modified":"2025-06-01T10:08:08","modified_gmt":"2025-06-01T09:08:08","slug":"presse","status":"publish","type":"page","link":"http:\/\/www.lesanglaisesontlacote.org\/?page_id=225","title":{"rendered":"4. Presse"},"content":{"rendered":"<p>Sur cette page vous pourrez lire les articles de presse qui sont parus sur les Anglaises Ont la C\u00f4te.<\/p>\n<h4>En 2025 :<\/h4>\n<h4 style=\"text-align: center;\"><a href=\"http:\/\/www.lesanglaisesontlacote.org\/wp-content\/uploads\/2025\/06\/2025-05-19-VAR-MATIN.jpg\"><img loading=\"lazy\" decoding=\"async\" class=\"aligncenter size-full wp-image-1755\" src=\"http:\/\/www.lesanglaisesontlacote.org\/wp-content\/uploads\/2025\/06\/2025-05-19-VAR-MATIN.jpg\" alt=\"\" width=\"291\" height=\"926\" srcset=\"http:\/\/www.lesanglaisesontlacote.org\/wp-content\/uploads\/2025\/06\/2025-05-19-VAR-MATIN.jpg 291w, http:\/\/www.lesanglaisesontlacote.org\/wp-content\/uploads\/2025\/06\/2025-05-19-VAR-MATIN-94x300.jpg 94w\" sizes=\"(max-width: 291px) 100vw, 291px\" \/><\/a><\/h4>\n<h4>En 2024 :<\/h4>\n<p style=\"text-align: center;\"><a href=\"http:\/\/www.lesanglaisesontlacote.org\/wp-content\/uploads\/2024\/11\/bandol-2024.jpg\"><img loading=\"lazy\" decoding=\"async\" class=\"alignnone size-medium wp-image-1650\" src=\"http:\/\/www.lesanglaisesontlacote.org\/wp-content\/uploads\/2024\/11\/bandol-2024-206x300.jpg\" alt=\"\" width=\"206\" height=\"300\" srcset=\"http:\/\/www.lesanglaisesontlacote.org\/wp-content\/uploads\/2024\/11\/bandol-2024-206x300.jpg 206w, http:\/\/www.lesanglaisesontlacote.org\/wp-content\/uploads\/2024\/11\/bandol-2024-702x1024.jpg 702w, http:\/\/www.lesanglaisesontlacote.org\/wp-content\/uploads\/2024\/11\/bandol-2024-768x1120.jpg 768w, http:\/\/www.lesanglaisesontlacote.org\/wp-content\/uploads\/2024\/11\/bandol-2024.jpg 960w\" sizes=\"(max-width: 206px) 100vw, 206px\" \/><\/a><\/p>\n<h4>En 2023 :<\/h4>\n<p style=\"text-align: center;\"><a href=\"http:\/\/www.lesanglaisesontlacote.org\/wp-content\/uploads\/2024\/11\/2023-12-02_var-matin.jpg\"><img loading=\"lazy\" decoding=\"async\" class=\"alignnone size-medium wp-image-1649\" src=\"http:\/\/www.lesanglaisesontlacote.org\/wp-content\/uploads\/2024\/11\/2023-12-02_var-matin-207x300.jpg\" alt=\"\" width=\"207\" height=\"300\" srcset=\"http:\/\/www.lesanglaisesontlacote.org\/wp-content\/uploads\/2024\/11\/2023-12-02_var-matin-207x300.jpg 207w, http:\/\/www.lesanglaisesontlacote.org\/wp-content\/uploads\/2024\/11\/2023-12-02_var-matin-705x1024.jpg 705w, http:\/\/www.lesanglaisesontlacote.org\/wp-content\/uploads\/2024\/11\/2023-12-02_var-matin-768x1116.jpg 768w, http:\/\/www.lesanglaisesontlacote.org\/wp-content\/uploads\/2024\/11\/2023-12-02_var-matin.jpg 950w\" sizes=\"(max-width: 207px) 100vw, 207px\" \/><\/a> <a href=\"http:\/\/www.lesanglaisesontlacote.org\/wp-content\/uploads\/2024\/11\/2023-05-29_1-varmatin_202305291.jpg\"><img loading=\"lazy\" decoding=\"async\" class=\"alignnone size-medium wp-image-1647\" src=\"http:\/\/www.lesanglaisesontlacote.org\/wp-content\/uploads\/2024\/11\/2023-05-29_1-varmatin_202305291-300x217.jpg\" alt=\"\" width=\"300\" height=\"217\" srcset=\"http:\/\/www.lesanglaisesontlacote.org\/wp-content\/uploads\/2024\/11\/2023-05-29_1-varmatin_202305291-300x217.jpg 300w, http:\/\/www.lesanglaisesontlacote.org\/wp-content\/uploads\/2024\/11\/2023-05-29_1-varmatin_202305291-1024x739.jpg 1024w, http:\/\/www.lesanglaisesontlacote.org\/wp-content\/uploads\/2024\/11\/2023-05-29_1-varmatin_202305291-768x554.jpg 768w, http:\/\/www.lesanglaisesontlacote.org\/wp-content\/uploads\/2024\/11\/2023-05-29_1-varmatin_202305291.jpg 1302w\" sizes=\"(max-width: 300px) 100vw, 300px\" \/><\/a> <a href=\"http:\/\/www.lesanglaisesontlacote.org\/wp-content\/uploads\/2024\/11\/2023-05-29_2-varmatin_202305261.jpg\"><img loading=\"lazy\" decoding=\"async\" class=\"alignnone size-medium wp-image-1648\" src=\"http:\/\/www.lesanglaisesontlacote.org\/wp-content\/uploads\/2024\/11\/2023-05-29_2-varmatin_202305261-300x256.jpg\" alt=\"\" width=\"300\" height=\"256\" srcset=\"http:\/\/www.lesanglaisesontlacote.org\/wp-content\/uploads\/2024\/11\/2023-05-29_2-varmatin_202305261-300x256.jpg 300w, http:\/\/www.lesanglaisesontlacote.org\/wp-content\/uploads\/2024\/11\/2023-05-29_2-varmatin_202305261-1024x873.jpg 1024w, http:\/\/www.lesanglaisesontlacote.org\/wp-content\/uploads\/2024\/11\/2023-05-29_2-varmatin_202305261-768x655.jpg 768w, http:\/\/www.lesanglaisesontlacote.org\/wp-content\/uploads\/2024\/11\/2023-05-29_2-varmatin_202305261.jpg 1164w\" sizes=\"(max-width: 300px) 100vw, 300px\" \/><\/a><\/p>\n<h4 style=\"text-align: center;\"><a href=\"http:\/\/www.lesanglaisesontlacote.org\/wp-content\/uploads\/2024\/11\/IMG_1248-rotated.jpg\"><img loading=\"lazy\" decoding=\"async\" class=\"alignnone size-medium wp-image-1630\" src=\"http:\/\/www.lesanglaisesontlacote.org\/wp-content\/uploads\/2024\/11\/IMG_1248-225x300.jpg\" alt=\"\" width=\"225\" height=\"300\" srcset=\"http:\/\/www.lesanglaisesontlacote.org\/wp-content\/uploads\/2024\/11\/IMG_1248-225x300.jpg 225w, http:\/\/www.lesanglaisesontlacote.org\/wp-content\/uploads\/2024\/11\/IMG_1248-768x1024.jpg 768w, http:\/\/www.lesanglaisesontlacote.org\/wp-content\/uploads\/2024\/11\/IMG_1248-1152x1536.jpg 1152w, http:\/\/www.lesanglaisesontlacote.org\/wp-content\/uploads\/2024\/11\/IMG_1248-rotated.jpg 1512w\" sizes=\"(max-width: 225px) 100vw, 225px\" \/><\/a> <a href=\"http:\/\/www.lesanglaisesontlacote.org\/wp-content\/uploads\/2024\/11\/IMG_1249-rotated.jpg\"><img loading=\"lazy\" decoding=\"async\" class=\"alignnone size-medium wp-image-1629\" src=\"http:\/\/www.lesanglaisesontlacote.org\/wp-content\/uploads\/2024\/11\/IMG_1249-225x300.jpg\" alt=\"\" width=\"225\" height=\"300\" srcset=\"http:\/\/www.lesanglaisesontlacote.org\/wp-content\/uploads\/2024\/11\/IMG_1249-225x300.jpg 225w, http:\/\/www.lesanglaisesontlacote.org\/wp-content\/uploads\/2024\/11\/IMG_1249-768x1024.jpg 768w, http:\/\/www.lesanglaisesontlacote.org\/wp-content\/uploads\/2024\/11\/IMG_1249-1152x1536.jpg 1152w, http:\/\/www.lesanglaisesontlacote.org\/wp-content\/uploads\/2024\/11\/IMG_1249-rotated.jpg 1512w\" sizes=\"(max-width: 225px) 100vw, 225px\" \/><\/a> <a href=\"http:\/\/www.lesanglaisesontlacote.org\/wp-content\/uploads\/2024\/11\/IMG_1250-1-rotated.jpg\"><img loading=\"lazy\" decoding=\"async\" class=\"alignnone size-medium wp-image-1628\" src=\"http:\/\/www.lesanglaisesontlacote.org\/wp-content\/uploads\/2024\/11\/IMG_1250-1-225x300.jpg\" alt=\"\" width=\"225\" height=\"300\" srcset=\"http:\/\/www.lesanglaisesontlacote.org\/wp-content\/uploads\/2024\/11\/IMG_1250-1-225x300.jpg 225w, http:\/\/www.lesanglaisesontlacote.org\/wp-content\/uploads\/2024\/11\/IMG_1250-1-768x1024.jpg 768w, http:\/\/www.lesanglaisesontlacote.org\/wp-content\/uploads\/2024\/11\/IMG_1250-1-1152x1536.jpg 1152w, http:\/\/www.lesanglaisesontlacote.org\/wp-content\/uploads\/2024\/11\/IMG_1250-1-rotated.jpg 1512w\" sizes=\"(max-width: 225px) 100vw, 225px\" \/>&nbsp; <\/a><a href=\"http:\/\/www.lesanglaisesontlacote.org\/wp-content\/uploads\/2024\/11\/2023-12-28_la-vie-de-lauto.jpg\"><img loading=\"lazy\" decoding=\"async\" class=\"alignnone size-medium wp-image-1510\" src=\"http:\/\/www.lesanglaisesontlacote.org\/wp-content\/uploads\/2024\/11\/2023-12-28_la-vie-de-lauto-211x300.jpg\" alt=\"\" width=\"211\" height=\"300\" srcset=\"http:\/\/www.lesanglaisesontlacote.org\/wp-content\/uploads\/2024\/11\/2023-12-28_la-vie-de-lauto-211x300.jpg 211w, http:\/\/www.lesanglaisesontlacote.org\/wp-content\/uploads\/2024\/11\/2023-12-28_la-vie-de-lauto-719x1024.jpg 719w, http:\/\/www.lesanglaisesontlacote.org\/wp-content\/uploads\/2024\/11\/2023-12-28_la-vie-de-lauto-768x1093.jpg 768w, http:\/\/www.lesanglaisesontlacote.org\/wp-content\/uploads\/2024\/11\/2023-12-28_la-vie-de-lauto-1079x1536.jpg 1079w, http:\/\/www.lesanglaisesontlacote.org\/wp-content\/uploads\/2024\/11\/2023-12-28_la-vie-de-lauto.jpg 1124w\" sizes=\"(max-width: 211px) 100vw, 211px\" \/><\/a><\/h4>\n<h4>En 2022 :<\/h4>\n<p style=\"text-align: center;\"><a href=\"http:\/\/www.lesanglaisesontlacote.org\/wp-content\/uploads\/2024\/11\/20228bandol-premiere-page.jpg\"><img loading=\"lazy\" decoding=\"async\" class=\"alignnone size-medium wp-image-1646\" src=\"http:\/\/www.lesanglaisesontlacote.org\/wp-content\/uploads\/2024\/11\/20228bandol-premiere-page-214x300.jpg\" alt=\"\" width=\"214\" height=\"300\" srcset=\"http:\/\/www.lesanglaisesontlacote.org\/wp-content\/uploads\/2024\/11\/20228bandol-premiere-page-214x300.jpg 214w, http:\/\/www.lesanglaisesontlacote.org\/wp-content\/uploads\/2024\/11\/20228bandol-premiere-page-731x1024.jpg 731w, http:\/\/www.lesanglaisesontlacote.org\/wp-content\/uploads\/2024\/11\/20228bandol-premiere-page-768x1076.jpg 768w, http:\/\/www.lesanglaisesontlacote.org\/wp-content\/uploads\/2024\/11\/20228bandol-premiere-page-1096x1536.jpg 1096w, http:\/\/www.lesanglaisesontlacote.org\/wp-content\/uploads\/2024\/11\/20228bandol-premiere-page.jpg 1106w\" sizes=\"(max-width: 214px) 100vw, 214px\" \/>&nbsp; <\/a><a href=\"http:\/\/www.lesanglaisesontlacote.org\/wp-content\/uploads\/2024\/11\/2022-06-27_var-matin.jpg\"><img loading=\"lazy\" decoding=\"async\" class=\"alignnone size-medium wp-image-1508\" src=\"http:\/\/www.lesanglaisesontlacote.org\/wp-content\/uploads\/2024\/11\/2022-06-27_var-matin-211x300.jpg\" alt=\"\" width=\"211\" height=\"300\" srcset=\"http:\/\/www.lesanglaisesontlacote.org\/wp-content\/uploads\/2024\/11\/2022-06-27_var-matin-211x300.jpg 211w, http:\/\/www.lesanglaisesontlacote.org\/wp-content\/uploads\/2024\/11\/2022-06-27_var-matin.jpg 600w\" sizes=\"(max-width: 211px) 100vw, 211px\" \/><\/a><\/p>\n<h4>Les ann\u00e9es pr\u00e9c\u00e9dentes :<\/h4>\n<p><a class=\"ngg-fancybox\" title=\" \" href=\"http:\/\/www.lesanglaisesontlacote.org\/wp-content\/gallery\/articles-de-presse\/presse.jpg\" rel=\"\" data-src=\"http:\/\/www.lesanglaisesontlacote.org\/wp-content\/gallery\/articles-de-presse\/presse.jpg\" data-image-id=\"586\" data-thumbnail=\"http:\/\/www.lesanglaisesontlacote.org\/wp-content\/gallery\/articles-de-presse\/thumbs\/thumbs_presse.jpg\" data-title=\"presse\" data-description=\" \"><img decoding=\"async\" class=\"ngg-singlepic ngg-left\" src=\"http:\/\/www.lesanglaisesontlacote.org\/wp-content\/gallery\/articles-de-presse\/thumbs\/thumbs_presse.jpg\" alt=\"presse\"\/><\/a><a class=\"ngg-fancybox\" title=\" \" href=\"http:\/\/www.lesanglaisesontlacote.org\/wp-content\/gallery\/articles-de-presse\/presse2.jpg\" rel=\"\" data-src=\"http:\/\/www.lesanglaisesontlacote.org\/wp-content\/gallery\/articles-de-presse\/presse2.jpg\" data-image-id=\"639\" data-thumbnail=\"http:\/\/www.lesanglaisesontlacote.org\/wp-content\/gallery\/articles-de-presse\/thumbs\/thumbs_presse2.jpg\" data-title=\"presse2\" data-description=\" \"><img decoding=\"async\" class=\"ngg-singlepic ngg-center\" src=\"http:\/\/www.lesanglaisesontlacote.org\/wp-content\/gallery\/articles-de-presse\/thumbs\/thumbs_presse2.jpg\" alt=\"presse2\"\/><\/a><a class=\"ngg-fancybox\" title=\"Paru dans le Trimestriel Maxi Austin\" href=\"http:\/\/www.lesanglaisesontlacote.org\/wp-content\/gallery\/articles-de-presse\/maxi-austin-2.jpg\" rel=\"\" data-src=\"http:\/\/www.lesanglaisesontlacote.org\/wp-content\/gallery\/articles-de-presse\/maxi-austin-2.jpg\" data-image-id=\"296\" data-thumbnail=\"http:\/\/www.lesanglaisesontlacote.org\/wp-content\/gallery\/articles-de-presse\/thumbs\/thumbs_maxi-austin-2.jpg\" data-title=\"maxi-austin-2\" data-description=\"Paru dans le Trimestriel Maxi Austin\"><img decoding=\"async\" class=\"ngg-singlepic ngg-right\" src=\"http:\/\/www.lesanglaisesontlacote.org\/wp-content\/gallery\/articles-de-presse\/thumbs\/thumbs_maxi-austin-2.jpg\" alt=\"maxi-austin-2\"\/><\/a><\/p>\n<p><a class=\"ngg-fancybox\" title=\" \" href=\"http:\/\/www.lesanglaisesontlacote.org\/wp-content\/gallery\/articles-de-presse\/les-anglaises.jpg\" rel=\"\" data-src=\"http:\/\/www.lesanglaisesontlacote.org\/wp-content\/gallery\/articles-de-presse\/les-anglaises.jpg\" data-image-id=\"351\" data-thumbnail=\"http:\/\/www.lesanglaisesontlacote.org\/wp-content\/gallery\/articles-de-presse\/thumbs\/thumbs_les-anglaises.jpg\" data-title=\"les anglaises ont la c\u00f4te\" data-description=\" \"><img decoding=\"async\" class=\"ngg-singlepic ngg-left\" src=\"http:\/\/www.lesanglaisesontlacote.org\/wp-content\/gallery\/articles-de-presse\/thumbs\/thumbs_les-anglaises.jpg\" alt=\"les anglaises ont la c\u00f4te\"\/><\/a><a class=\"ngg-fancybox\" title=\" \" href=\"http:\/\/www.lesanglaisesontlacote.org\/wp-content\/gallery\/articles-de-presse\/reportage-aoc-classic-car.jpg\" rel=\"\" data-src=\"http:\/\/www.lesanglaisesontlacote.org\/wp-content\/gallery\/articles-de-presse\/reportage-aoc-classic-car.jpg\" data-image-id=\"353\" data-thumbnail=\"http:\/\/www.lesanglaisesontlacote.org\/wp-content\/gallery\/articles-de-presse\/thumbs\/thumbs_reportage-aoc-classic-car.jpg\" data-title=\"reportage-aoc-classic-car\" data-description=\" \"><img decoding=\"async\" class=\"ngg-singlepic ngg-center\" src=\"http:\/\/www.lesanglaisesontlacote.org\/wp-content\/gallery\/articles-de-presse\/thumbs\/thumbs_reportage-aoc-classic-car.jpg\" alt=\"reportage-aoc-classic-car\"\/><\/a><\/p>\n","protected":false},"excerpt":{"rendered":"<p>Sur cette page vous pourrez lire les articles de presse qui sont parus sur les Anglaises Ont la C\u00f4te. En 2025 : En 2024 : En 2023 : &nbsp; En 2022 : &nbsp; Les ann\u00e9es pr\u00e9c\u00e9dentes :<\/p>\n","protected":false},"author":1,"featured_media":0,"parent":0,"menu_order":0,"comment_status":"closed","ping_status":"open","template":"","meta":{"ngg_post_thumbnail":0,"footnotes":""},"_links":{"self":[{"href":"http:\/\/www.lesanglaisesontlacote.org\/index.php?rest_route=\/wp\/v2\/pages\/225"}],"collection":[{"href":"http:\/\/www.lesanglaisesontlacote.org\/index.php?rest_route=\/wp\/v2\/pages"}],"about":[{"href":"http:\/\/www.lesanglaisesontlacote.org\/index.php?rest_route=\/wp\/v2\/types\/page"}],"author":[{"embeddable":true,"href":"http:\/\/www.lesanglaisesontlacote.org\/index.php?rest_route=\/wp\/v2\/users\/1"}],"replies":[{"embeddable":true,"href":"http:\/\/www.lesanglaisesontlacote.org\/index.php?rest_route=%2Fwp%2Fv2%2Fcomments&post=225"}],"version-history":[{"count":28,"href":"http:\/\/www.lesanglaisesontlacote.org\/index.php?rest_route=\/wp\/v2\/pages\/225\/revisions"}],"predecessor-version":[{"id":1756,"href":"http:\/\/www.lesanglaisesontlacote.org\/index.php?rest_route=\/wp\/v2\/pages\/225\/revisions\/1756"}],"wp:attachment":[{"href":"http:\/\/www.lesanglaisesontlacote.org\/index.php?rest_route=%2Fwp%2Fv2%2Fmedia&parent=225"}],"curies":[{"name":"wp","href":"https:\/\/api.w.org\/{rel}","templated":true}]}}